{"id":96,"date":"2013-04-12T11:52:23","date_gmt":"2013-04-12T09:52:23","guid":{"rendered":"http:\/\/www.wwd-direkt.de\/?page_id=96"},"modified":"2013-04-22T14:21:58","modified_gmt":"2013-04-22T12:21:58","slug":"faq","status":"publish","type":"page","link":"https:\/\/www.wwd-direkt.de\/?page_id=96","title":{"rendered":"F.A.Q."},"content":{"rendered":"<p>Hier finden Sie eine \u00dcbersicht von h\u00e4ufig gestellt Fragen, diese \u00dcbersicht wird st\u00e4ndig erg\u00e4nzt.<\/p>\n<p>&nbsp;<\/p>\n<h2>Welche Anforderungen muss ich als Verteiler erf\u00fcllen?<\/h2>\n<ul>\n<li>Die Zustimmung deiner Eltern.<\/li>\n<li>Ein Bankkonto, damit wir dein Lohn \u00fcberweisen k\u00f6nnen.<\/li>\n<li>Eine Lohnsteuerkarte, gibt es ab 13 Jahre beim Einwohnermeldeamt.<\/li>\n<li>Steuerklasse 1 und keine weiteren Einkommen<\/li>\n<li>Eine Kopie deines Ausweises, bei Ausl\u00e4ndern aus nicht EU-Mitgliedsstaaten eine Arbeitserlaubnis.<\/li>\n<\/ul>\n<p>&nbsp;<\/p>\n<h2>Wie viel muss ich arbeiten und was verdiene ich?<\/h2>\n<p>Wie lange du arbeitest h\u00e4ngt von deinem Gebiet und der Geschwindigkeit ab, in der du verteilen kannst. Im Durchschnitt arbeiten unsere Verteiler zwei bis drei Stunden die Woche.\u00a0Was du verdienst h\u00e4ngt von der Anzahl an verteilten Prospekten ab. Diese Fragen lassen sich am besten in einem kurzen telefonischen Gespr\u00e4ch kl\u00e4ren.<\/p>\n<p>&nbsp;<\/p>\n<h2>Brauche ich eine Lohnsteuerkarte?<\/h2>\n<p>Ja. Auf deiner Lohnsteuerkarte d\u00fcrfen f\u00fcr das Jahr keine anderen Eintr\u00e4ge sein.<\/p>\n<p>&nbsp;<\/p>\n<h2>Ich habe diesen Monat kein Geld erhalten, was nun?<\/h2>\n<p>Wir bezahlen die L\u00f6hne an unsere Verteiler am 15. des folge Monats. Hast du deine Lohnsteuerkarte abgegeben? Ohne deine Lohnsteuerkarte zu haben, k\u00f6nnen wir dir leider kein Geld auszahlen.<\/p>\n","protected":false},"excerpt":{"rendered":"<p>Hier finden Sie eine \u00dcbersicht von h\u00e4ufig gestellt Fragen, diese \u00dcbersicht wird st\u00e4ndig erg\u00e4nzt. &nbsp; Welche Anforderungen muss ich als Verteiler erf\u00fcllen? Die Zustimmung deiner Eltern. Ein Bankkonto, damit wir dein Lohn \u00fcberweisen k\u00f6nnen. Eine Lohnsteuerkarte, gibt es ab 13 Jahre beim Einwohnermeldeamt. Steuerklasse 1 und keine weiteren Einkommen Eine Kopie deines Ausweises, bei Ausl\u00e4ndern [&hellip;]<\/p>\n","protected":false},"author":1,"featured_media":0,"parent":0,"menu_order":0,"comment_status":"closed","ping_status":"open","template":"","meta":{"footnotes":""},"class_list":["post-96","page","type-page","status-publish","hentry"],"_links":{"self":[{"href":"https:\/\/www.wwd-direkt.de\/index.php?rest_route=\/wp\/v2\/pages\/96"}],"collection":[{"href":"https:\/\/www.wwd-direkt.de\/index.php?rest_route=\/wp\/v2\/pages"}],"about":[{"href":"https:\/\/www.wwd-direkt.de\/index.php?rest_route=\/wp\/v2\/types\/page"}],"author":[{"embeddable":true,"href":"https:\/\/www.wwd-direkt.de\/index.php?rest_route=\/wp\/v2\/users\/1"}],"replies":[{"embeddable":true,"href":"https:\/\/www.wwd-direkt.de\/index.php?rest_route=%2Fwp%2Fv2%2Fcomments&post=96"}],"version-history":[{"count":3,"href":"https:\/\/www.wwd-direkt.de\/index.php?rest_route=\/wp\/v2\/pages\/96\/revisions"}],"predecessor-version":[{"id":112,"href":"https:\/\/www.wwd-direkt.de\/index.php?rest_route=\/wp\/v2\/pages\/96\/revisions\/112"}],"wp:attachment":[{"href":"https:\/\/www.wwd-direkt.de\/index.php?rest_route=%2Fwp%2Fv2%2Fmedia&parent=96"}],"curies":[{"name":"wp","href":"https:\/\/api.w.org\/{rel}","templated":true}]}}