{"id":5,"date":"2013-03-21T21:33:33","date_gmt":"2013-03-21T19:33:33","guid":{"rendered":"http:\/\/www.wwd-direkt.de\/?page_id=5"},"modified":"2018-11-08T10:13:29","modified_gmt":"2018-11-08T09:13:29","slug":"startseite","status":"publish","type":"page","link":"https:\/\/www.wwd-direkt.de\/","title":{"rendered":"Willkommen beim Westf\u00e4lischen Werbedienst"},"content":{"rendered":"<table style=\"width: 100%;\" border=\"0\">\n<tbody>\n<tr>\n<td>Wir beliefern die Haushalte die Ihnen wichtig sind mit Ihren aktuellen Angeboten per Prospekt.<\/p>\n<p>&nbsp;<\/p>\n<ul>\n<li>Zielgenau<\/li>\n<li>Termingerecht<\/li>\n<li>Zuverl\u00e4ssig<\/li>\n<li>Kosteng\u00fcnstig<\/li>\n<li>1.500.000 mal pro Woche<\/li>\n<\/ul>\n<p>&nbsp;<\/p>\n<p>Je st\u00e4rker der Wettbewerb wird, umso wichtiger ist f\u00fcr Ihr Unternehmen der unmittelbare und direkte Kontakt zum Kunden. Wir bringen Sie diesem Ziel n\u00e4her.<\/td>\n<td style=\"padding-left: 20px;\"><a href=\"https:\/\/www.wwd-direkt.de\/wp-content\/uploads\/2013\/03\/image213.jpg\"><img fetchpriority=\"high\" decoding=\"async\" class=\"alignright size-full wp-image-49\" src=\"https:\/\/www.wwd-direkt.de\/wp-content\/uploads\/2013\/03\/image213.jpg\" alt=\"image213\" width=\"320\" height=\"246\" srcset=\"https:\/\/www.wwd-direkt.de\/wp-content\/uploads\/2013\/03\/image213.jpg 320w, https:\/\/www.wwd-direkt.de\/wp-content\/uploads\/2013\/03\/image213-300x230.jpg 300w\" sizes=\"(max-width: 320px) 100vw, 320px\" \/><\/a><\/td>\n<\/tr>\n<\/tbody>\n<\/table>\n<div class=\"teaserbox\">\n<div class=\"teaser reklamation\">\n<h3>Prospekt nicht erhalten?<\/h3>\n<p>Sie haben Ihre Prospekt-Werbung nicht erhalten? Hier k\u00f6nnen Sie Ihre Reklamation melden.<\/p>\n<p><a class=\"more\" title=\"Reklamation\" href=\"http:\/\/www.wwd-direkt.de\/?page_id=130\">weiter<\/a><\/p>\n<\/div>\n<div class=\"teaser prospekte\">\n<h3>Prospekte online ansehen<\/h3>\n<p>Hier k\u00f6nnen Sie aktuelle Prospekt-Werbung direkt online durchbl\u00e4ttern.<\/p>\n<p><a class=\"more\" title=\"Prospekte\" href=\"http:\/\/www.wwd-direkt.de\/?page_id=23\">weiter<\/a><\/p>\n<\/div>\n<\/div>\n","protected":false},"excerpt":{"rendered":"<p>Wir beliefern die Haushalte die Ihnen wichtig sind mit Ihren aktuellen Angeboten per Prospekt. &nbsp; Zielgenau Termingerecht Zuverl\u00e4ssig Kosteng\u00fcnstig 1.500.000 mal pro Woche &nbsp; Je st\u00e4rker der Wettbewerb wird, umso wichtiger ist f\u00fcr Ihr Unternehmen der unmittelbare und direkte Kontakt zum Kunden. Wir bringen Sie diesem Ziel n\u00e4her. Prospekt nicht erhalten? Sie haben Ihre Prospekt-Werbung [&hellip;]<\/p>\n","protected":false},"author":1,"featured_media":0,"parent":0,"menu_order":0,"comment_status":"open","ping_status":"open","template":"","meta":{"footnotes":""},"class_list":["post-5","page","type-page","status-publish","hentry"],"_links":{"self":[{"href":"https:\/\/www.wwd-direkt.de\/index.php?rest_route=\/wp\/v2\/pages\/5"}],"collection":[{"href":"https:\/\/www.wwd-direkt.de\/index.php?rest_route=\/wp\/v2\/pages"}],"about":[{"href":"https:\/\/www.wwd-direkt.de\/index.php?rest_route=\/wp\/v2\/types\/page"}],"author":[{"embeddable":true,"href":"https:\/\/www.wwd-direkt.de\/index.php?rest_route=\/wp\/v2\/users\/1"}],"replies":[{"embeddable":true,"href":"https:\/\/www.wwd-direkt.de\/index.php?rest_route=%2Fwp%2Fv2%2Fcomments&post=5"}],"version-history":[{"count":11,"href":"https:\/\/www.wwd-direkt.de\/index.php?rest_route=\/wp\/v2\/pages\/5\/revisions"}],"predecessor-version":[{"id":162,"href":"https:\/\/www.wwd-direkt.de\/index.php?rest_route=\/wp\/v2\/pages\/5\/revisions\/162"}],"wp:attachment":[{"href":"https:\/\/www.wwd-direkt.de\/index.php?rest_route=%2Fwp%2Fv2%2Fmedia&parent=5"}],"curies":[{"name":"wp","href":"https:\/\/api.w.org\/{rel}","templated":true}]}}