{"id":26,"date":"2013-03-21T21:55:15","date_gmt":"2013-03-21T19:55:15","guid":{"rendered":"http:\/\/www.wwd-direkt.de\/?page_id=26"},"modified":"2018-11-09T08:22:39","modified_gmt":"2018-11-09T07:22:39","slug":"unternehmen","status":"publish","type":"page","link":"https:\/\/www.wwd-direkt.de\/?page_id=26","title":{"rendered":"Unternehmen"},"content":{"rendered":"<table style=\"width: 100%;\" border=\"0\">\n<tbody>\n<tr>\n<td align=\"left\" valign=\"top\">\n<h2>Der Westf\u00e4lische Werbedienst<\/h2>\n<p>Der Westf\u00e4lische Werbedienst ist ein dynamisches Unternehmen mit kr\u00e4ftiger Expansionstendenz.\u00a0Durch den Zusammenschluss einer Vielzahl von lokalen Kooperationspartnern, erhalten Sie ein Maximum an Kompetenz und Qualit\u00e4t.\u00a0Eine individuelle Kundenbetreuung und Konzeptplanung ist f\u00fcr uns eine Selbstverst\u00e4ndlichkeit.<\/p>\n<p>&nbsp;<\/p>\n<p>Von der Abholung der Prospekte bis hin zur Verteilung auf Abruf bei saisonabh\u00e4ngigen Artikeln. Von der Beratung bis hin zur Ausf\u00fchrung. Jeder Auftrag wird von uns individuell umgesetzt. Vertragliche Bindungen vereinbaren wir mit Ihnen nur auf Wunsch, denn wir m\u00f6chten mit Qualit\u00e4t \u00fcberzeugen und nicht durch Laufzeiten.<\/td>\n<td style=\"padding-left: 20px;\">&nbsp;<\/p>\n<p>&nbsp;<\/p>\n<p>&nbsp;<\/p>\n<p>&nbsp;<\/p>\n<p><img decoding=\"async\" class=\"alignright size-full wp-image-52\" src=\"https:\/\/www.wwd-direkt.de\/wp-content\/uploads\/2013\/03\/image224-245x371.png\" alt=\"\" width=\"245\" height=\"182\" \/><\/td>\n<\/tr>\n<\/tbody>\n<\/table>\n<p>&nbsp;<\/p>\n<p>&nbsp;<\/p>\n<p>&nbsp;<\/p>\n<h2>Unsere Referenzen<\/h2>\n<table style=\"width: 100%;\" border=\"0\">\n<tbody>\n<tr>\n<td style=\"padding: 10px; width: 25%;\" align=\"center\" valign=\"middle\"><img decoding=\"async\" class=\"size-full wp-image-57 aligncenter\" src=\"https:\/\/www.wwd-direkt.de\/wp-content\/uploads\/2013\/03\/image231-199x100.png\" alt=\"\" width=\"199\" height=\"100\" \/><\/td>\n<td style=\"padding: 10px; width: 25%;\" align=\"center\" valign=\"middle\"><img decoding=\"async\" class=\"size-full wp-image-59 aligncenter\" src=\"https:\/\/www.wwd-direkt.de\/wp-content\/uploads\/2013\/03\/image234-102x100.png\" alt=\"\" width=\"102\" height=\"100\" \/><\/td>\n<td style=\"padding: 10px; width: 25%;\" align=\"center\" valign=\"middle\"><img loading=\"lazy\" decoding=\"async\" class=\"size-full wp-image-54 aligncenter\" src=\"https:\/\/www.wwd-direkt.de\/wp-content\/uploads\/2013\/03\/image228-95x100.png\" alt=\"\" width=\"95\" height=\"100\" \/><\/td>\n<td style=\"padding: 10px; width: 25%;\" align=\"center\" valign=\"middle\"><img loading=\"lazy\" decoding=\"async\" class=\"size-full wp-image-56 aligncenter\" src=\"https:\/\/www.wwd-direkt.de\/wp-content\/uploads\/2013\/03\/image230-96x100.png\" alt=\"\" width=\"96\" height=\"100\" \/><\/td>\n<\/tr>\n<tr>\n<td style=\"padding: 10px; width: 25%;\" align=\"center\" valign=\"middle\"><img loading=\"lazy\" decoding=\"async\" class=\"size-full wp-image-55 aligncenter\" src=\"https:\/\/www.wwd-direkt.de\/wp-content\/uploads\/2013\/03\/image229-164x100.png\" alt=\"\" width=\"164\" height=\"100\" \/><\/td>\n<td style=\"padding: 10px; width: 25%;\" align=\"center\" valign=\"middle\"><img loading=\"lazy\" decoding=\"async\" class=\"size-full wp-image-58 aligncenter\" src=\"https:\/\/www.wwd-direkt.de\/wp-content\/uploads\/2013\/03\/image233-100x100.png\" alt=\"\" width=\"100\" height=\"100\" \/><\/td>\n<td style=\"padding: 10px; width: 25%;\" align=\"center\" valign=\"middle\"><img loading=\"lazy\" decoding=\"async\" class=\"size-full wp-image-61 aligncenter\" src=\"https:\/\/www.wwd-direkt.de\/wp-content\/uploads\/2013\/03\/image236-95x100.png\" alt=\"\" width=\"95\" height=\"100\" \/><\/td>\n<td style=\"padding: 10px; width: 25%;\" align=\"center\" valign=\"middle\"><img loading=\"lazy\" decoding=\"async\" class=\"size-full wp-image-60 aligncenter\" src=\"https:\/\/www.wwd-direkt.de\/wp-content\/uploads\/2013\/03\/image235-174x100.png\" alt=\"\" width=\"174\" height=\"100\" \/><\/td>\n<\/tr>\n<\/tbody>\n<\/table>\n<p>&nbsp;<\/p>\n<p>N\u00e4heres auf Anfrage:\u00a0<a href=\"mailto:info@wwd-direkt.de?subject=Ich m\u00f6chte mehr \u00fcber den WWD und seine Kunden wissen\">info@wwd-direkt.de<\/a>.<\/p>\n","protected":false},"excerpt":{"rendered":"<p>Der Westf\u00e4lische Werbedienst Der Westf\u00e4lische Werbedienst ist ein dynamisches Unternehmen mit kr\u00e4ftiger Expansionstendenz.\u00a0Durch den Zusammenschluss einer Vielzahl von lokalen Kooperationspartnern, erhalten Sie ein Maximum an Kompetenz und Qualit\u00e4t.\u00a0Eine individuelle Kundenbetreuung und Konzeptplanung ist f\u00fcr uns eine Selbstverst\u00e4ndlichkeit. &nbsp; Von der Abholung der Prospekte bis hin zur Verteilung auf Abruf bei saisonabh\u00e4ngigen Artikeln. Von der Beratung [&hellip;]<\/p>\n","protected":false},"author":1,"featured_media":0,"parent":0,"menu_order":0,"comment_status":"closed","ping_status":"open","template":"","meta":{"footnotes":""},"class_list":["post-26","page","type-page","status-publish","hentry"],"_links":{"self":[{"href":"https:\/\/www.wwd-direkt.de\/index.php?rest_route=\/wp\/v2\/pages\/26"}],"collection":[{"href":"https:\/\/www.wwd-direkt.de\/index.php?rest_route=\/wp\/v2\/pages"}],"about":[{"href":"https:\/\/www.wwd-direkt.de\/index.php?rest_route=\/wp\/v2\/types\/page"}],"author":[{"embeddable":true,"href":"https:\/\/www.wwd-direkt.de\/index.php?rest_route=\/wp\/v2\/users\/1"}],"replies":[{"embeddable":true,"href":"https:\/\/www.wwd-direkt.de\/index.php?rest_route=%2Fwp%2Fv2%2Fcomments&post=26"}],"version-history":[{"count":20,"href":"https:\/\/www.wwd-direkt.de\/index.php?rest_route=\/wp\/v2\/pages\/26\/revisions"}],"predecessor-version":[{"id":190,"href":"https:\/\/www.wwd-direkt.de\/index.php?rest_route=\/wp\/v2\/pages\/26\/revisions\/190"}],"wp:attachment":[{"href":"https:\/\/www.wwd-direkt.de\/index.php?rest_route=%2Fwp%2Fv2%2Fmedia&parent=26"}],"curies":[{"name":"wp","href":"https:\/\/api.w.org\/{rel}","templated":true}]}}